{"id":5,"date":"2016-02-10T08:59:44","date_gmt":"2016-02-10T08:59:44","guid":{"rendered":"https:\/\/bridge3.qodeinteractive.com\/?page_id=5"},"modified":"2023-08-02T21:44:01","modified_gmt":"2023-08-02T21:44:01","slug":"home","status":"publish","type":"page","link":"https:\/\/doradoantiguo.com\/","title":{"rendered":"Home"},"content":{"rendered":"<p>[vc_row css_animation=\u00bb\u00bb row_type=\u00bbrow\u00bb use_row_as_full_screen_section=\u00bbno\u00bb type=\u00bbfull_width\u00bb angled_section=\u00bbno\u00bb text_align=\u00bbleft\u00bb background_image_as_pattern=\u00bbwithout_pattern\u00bb][vc_column][vc_row_inner row_type=\u00bbrow\u00bb type=\u00bbgrid\u00bb text_align=\u00bbcenter\u00bb css_animation=\u00bb\u00bb css=\u00bb.vc_custom_1690999596333{padding-top: 3% !important;padding-bottom: 3% !important;}\u00bb][vc_column_inner][vc_empty_space height=\u00bb50px\u00bb][vc_column_text]<\/p>\n<h1 style=\"text-align: center;\">Bienvenido<\/h1>\n<p>[\/vc_column_text][vc_empty_space][vc_column_text]<\/p>\n<p style=\"text-align: justify;\">Pero detr\u00e1s de cada sabor, se encuentran las personas de anta\u00f1o que han dado vida a estos manjares. Los abuelos con sus manos expertas, llenas de sabidur\u00eda ancestral, comparten sus secretos culinarios con las nuevas generaciones. Cada platillo lleva consigo la calidez y el amor de aquellos que lo preparan con esmero, conectando as\u00ed el pasado con el presente.<\/p>\n<p>[\/vc_column_text][vc_empty_space height=\u00bb50px\u00bb][\/vc_column_inner][\/vc_row_inner][\/vc_column][\/vc_row][vc_row css_animation=\u00bb\u00bb row_type=\u00bbrow\u00bb use_row_as_full_screen_section=\u00bbno\u00bb type=\u00bbfull_width\u00bb angled_section=\u00bbno\u00bb text_align=\u00bbleft\u00bb background_image_as_pattern=\u00bbwithout_pattern\u00bb css=\u00bb.vc_custom_1689115396485{background-image: url(https:\/\/doradoantiguo.com\/wp-content\/uploads\/2023\/07\/Fondo-Historia.jpg?id=358) !important;}\u00bb z_index=\u00bb\u00bb][vc_column offset=\u00bbvc_hidden-sm vc_hidden-xs\u00bb][vc_empty_space height=\u00bb50px\u00bb][vc_row_inner row_type=\u00bbrow\u00bb type=\u00bbgrid\u00bb text_align=\u00bbleft\u00bb css_animation=\u00bb\u00bb css=\u00bb.vc_custom_1690999630723{padding-top: 3% !important;padding-bottom: 3% !important;}\u00bb el_id=\u00bbHistoria\u00bb][vc_column_inner width=\u00bb1\/2&#8243;][vc_single_image image=\u00bb357&#8243; img_size=\u00bbfull\u00bb alignment=\u00bbright\u00bb qode_css_animation=\u00bb\u00bb][\/vc_column_inner][vc_column_inner width=\u00bb1\/2&#8243;][qode_elements_holder number_of_columns=\u00bbone_column\u00bb][qode_elements_holder_item horizontal_alignment=\u00bbleft\u00bb advanced_animations=\u00bbno\u00bb background_color=\u00bb#d4d2ac\u00bb item_padding=\u00bb90px 30px 90px 30px\u00bb][vc_empty_space height=\u00bb50px\u00bb][vc_column_text]<\/p>\n<h1>Nuestra Historia<\/h1>\n<p>[\/vc_column_text][vc_empty_space height=\u00bb50px\u00bb][vc_column_text]<\/p>\n<p style=\"text-align: justify;\">La historia del Dorado Antiguo es de la gente de anta\u00f1o, de su M\u00e9xico que es un reflejo de la diversidad y la pasi\u00f3n de su pa\u00eds. Sus sonrisas acogedoras y su hospitalidad sin igual abren las puertas a un mundo lleno de historias y tradiciones. Son guardianes de la identidad cultural que se transmiten a trav\u00e9s de la m\u00fasica, las danzas, las fiestas populares y sus sabores inigualables.<\/p>\n<p>[\/vc_column_text][vc_empty_space height=\u00bb50px\u00bb][\/qode_elements_holder_item][\/qode_elements_holder][\/vc_column_inner][\/vc_row_inner][vc_empty_space height=\u00bb50px\u00bb][\/vc_column][\/vc_row][vc_row css_animation=\u00bb\u00bb row_type=\u00bbrow\u00bb use_row_as_full_screen_section=\u00bbno\u00bb type=\u00bbfull_width\u00bb angled_section=\u00bbno\u00bb text_align=\u00bbleft\u00bb background_image_as_pattern=\u00bbwithout_pattern\u00bb z_index=\u00bb\u00bb][vc_column offset=\u00bbvc_hidden-lg vc_hidden-md\u00bb][vc_row_inner row_type=\u00bbrow\u00bb type=\u00bbgrid\u00bb text_align=\u00bbleft\u00bb css_animation=\u00bb\u00bb css=\u00bb.vc_custom_1689268435123{padding-top: 3% !important;padding-bottom: 3% !important;background-image: url(https:\/\/doradoantiguo.com\/wp-content\/uploads\/2023\/07\/Fondo-Historia.jpg?id=358) !important;}\u00bb][vc_column_inner][vc_empty_space height=\u00bb50px\u00bb][vc_single_image image=\u00bb357&#8243; img_size=\u00bbfull\u00bb alignment=\u00bbright\u00bb qode_css_animation=\u00bb\u00bb][qode_elements_holder number_of_columns=\u00bbone_column\u00bb][qode_elements_holder_item horizontal_alignment=\u00bbleft\u00bb advanced_animations=\u00bbno\u00bb background_color=\u00bb#d4d2ac\u00bb item_padding=\u00bb40px 30px 40px 30px\u00bb][vc_column_text]<\/p>\n<h1>Nuestra Historia<\/h1>\n<p>[\/vc_column_text][vc_empty_space height=\u00bb50px\u00bb][vc_column_text]<\/p>\n<p style=\"text-align: justify;\">La historia del Dorado Antiguo es de la gente de anta\u00f1o, de su M\u00e9xico que es un reflejo de la diversidad y la pasi\u00f3n de su pa\u00eds. Sus sonrisas acogedoras y su hospitalidad sin igual abren las puertas a un mundo lleno de historias y tradiciones. Son guardianes de la identidad cultural que se transmiten a trav\u00e9s de la m\u00fasica, las danzas, las fiestas populares y sus sabores inigualables.<\/p>\n<p>[\/vc_column_text][\/qode_elements_holder_item][\/qode_elements_holder][vc_empty_space height=\u00bb50px\u00bb][\/vc_column_inner][\/vc_row_inner][\/vc_column][\/vc_row][vc_row css_animation=\u00bb\u00bb row_type=\u00bbrow\u00bb use_row_as_full_screen_section=\u00bbno\u00bb type=\u00bbfull_width\u00bb angled_section=\u00bbno\u00bb text_align=\u00bbleft\u00bb background_image_as_pattern=\u00bbwithout_pattern\u00bb][vc_column][vc_single_image image=\u00bb359&#8243; img_size=\u00bbfull\u00bb alignment=\u00bbcenter\u00bb qode_css_animation=\u00bb\u00bb][\/vc_column][\/vc_row][vc_row css_animation=\u00bb\u00bb row_type=\u00bbrow\u00bb use_row_as_full_screen_section=\u00bbno\u00bb type=\u00bbfull_width\u00bb angled_section=\u00bbno\u00bb text_align=\u00bbleft\u00bb background_image_as_pattern=\u00bbwithout_pattern\u00bb css=\u00bb.vc_custom_1689180635996{padding-top: 3% !important;padding-bottom: 5% !important;}\u00bb z_index=\u00bb\u00bb][vc_column][vc_empty_space height=\u00bb50px\u00bb][vc_row_inner row_type=\u00bbrow\u00bb type=\u00bbgrid\u00bb text_align=\u00bbleft\u00bb css_animation=\u00bb\u00bb el_id=\u00bbProductos\u00bb][vc_column_inner][vc_column_text]<\/p>\n<h1 style=\"text-align: center;\">Los Productos<\/h1>\n<p>[\/vc_column_text][vc_empty_space height=\u00bb50px\u00bb][vc_column_text]<\/p>\n<p style=\"text-align: center;\">Un sabor en cada presentaci\u00f3n as\u00ed sean los Totopos para hacer unos deliciosos Chilaquiles o las Crujientes Tostadas Botaneras que har\u00e1n que pases el rato m\u00e1s delicioso con familiares y amigos.<\/p>\n<p>[\/vc_column_text][vc_empty_space height=\u00bb50px\u00bb][\/vc_column_inner][\/vc_row_inner][vc_row_inner row_type=\u00bbrow\u00bb type=\u00bbgrid\u00bb text_align=\u00bbleft\u00bb css_animation=\u00bb\u00bb][vc_column_inner width=\u00bb1\/4&#8243;][\/vc_column_inner][vc_column_inner width=\u00bb1\/4&#8243;][vc_empty_space height=\u00bb20px\u00bb][qode_elements_holder number_of_columns=\u00bbone_column\u00bb][qode_elements_holder_item advanced_animations=\u00bbno\u00bb item_padding=\u00bb40px 30px 40px 30px\u00bb background_color=\u00bb#f0e9c4&#8243;][vc_single_image image=\u00bb364&#8243; img_size=\u00bbfull\u00bb alignment=\u00bbcenter\u00bb qode_css_animation=\u00bb\u00bb][vc_empty_space height=\u00bb20px\u00bb][vc_column_text]<\/p>\n<h1 style=\"text-align: center;\">Totopos<\/h1>\n<p>[\/vc_column_text][\/qode_elements_holder_item][\/qode_elements_holder][\/vc_column_inner][vc_column_inner width=\u00bb1\/4&#8243;][vc_empty_space height=\u00bb20px\u00bb][qode_elements_holder number_of_columns=\u00bbone_column\u00bb][qode_elements_holder_item advanced_animations=\u00bbno\u00bb background_color=\u00bb#f0e9c4&#8243; item_padding=\u00bb40px 30px 40px 30px\u00bb][vc_single_image image=\u00bb363&#8243; img_size=\u00bbfull\u00bb alignment=\u00bbcenter\u00bb qode_css_animation=\u00bb\u00bb][vc_empty_space height=\u00bb20px\u00bb][vc_column_text]<\/p>\n<h1 style=\"text-align: center;\">Botaneras<\/h1>\n<p>[\/vc_column_text][\/qode_elements_holder_item][\/qode_elements_holder][\/vc_column_inner][vc_column_inner width=\u00bb1\/4&#8243;][\/vc_column_inner][\/vc_row_inner][vc_empty_space height=\u00bb50px\u00bb][\/vc_column][\/vc_row][vc_row css_animation=\u00bb\u00bb row_type=\u00bbrow\u00bb use_row_as_full_screen_section=\u00bbno\u00bb type=\u00bbfull_width\u00bb angled_section=\u00bbno\u00bb text_align=\u00bbleft\u00bb background_image_as_pattern=\u00bbwithout_pattern\u00bb][vc_column][vc_single_image image=\u00bb361&#8243; img_size=\u00bbfull\u00bb alignment=\u00bbcenter\u00bb qode_css_animation=\u00bb\u00bb][\/vc_column][\/vc_row][vc_row css_animation=\u00bb\u00bb row_type=\u00bbrow\u00bb use_row_as_full_screen_section=\u00bbno\u00bb type=\u00bbfull_width\u00bb angled_section=\u00bbno\u00bb text_align=\u00bbleft\u00bb background_image_as_pattern=\u00bbwithout_pattern\u00bb css=\u00bb.vc_custom_1690928328157{padding-top: 3% !important;}\u00bb z_index=\u00bb\u00bb][vc_column offset=\u00bbvc_hidden-sm vc_hidden-xs\u00bb][vc_empty_space height=\u00bb50px\u00bb][vc_row_inner row_type=\u00bbrow\u00bb type=\u00bbfull_width\u00bb text_align=\u00bbleft\u00bb css_animation=\u00bb\u00bb css=\u00bb.vc_custom_1691000125997{padding-bottom: 3% !important;}\u00bb el_id=\u00bbRecetas\u00bb][vc_column_inner][vc_column_text]<\/p>\n<h1 style=\"text-align: center;\">Recetario Antiguo<\/h1>\n<p>[\/vc_column_text][vc_empty_space height=\u00bb50px\u00bb][\/vc_column_inner][\/vc_row_inner][vc_row_inner row_type=\u00bbrow\u00bb type=\u00bbfull_width\u00bb text_align=\u00bbleft\u00bb css_animation=\u00bb\u00bb css=\u00bb.vc_custom_1691000121321{background-image: url(https:\/\/doradoantiguo.com\/wp-content\/uploads\/2023\/07\/Fondo-Historia.jpg?id=358) !important;}\u00bb][vc_column_inner width=\u00bb1\/4&#8243;][vc_single_image image=\u00bb370&#8243; img_size=\u00bbfull\u00bb qode_css_animation=\u00bb\u00bb][\/vc_column_inner][vc_column_inner width=\u00bb1\/4&#8243;][qode_elements_holder number_of_columns=\u00bbone_column\u00bb][qode_elements_holder_item horizontal_alignment=\u00bbcenter\u00bb advanced_animations=\u00bbno\u00bb item_padding=\u00bb40px 30px 0px 30px\u00bb][vc_column_text]<\/p>\n<h2 style=\"text-align: center;\"><span style=\"vertical-align: inherit;\"><span style=\"vertical-align: inherit;\"><span style=\"vertical-align: inherit;\"><span style=\"vertical-align: inherit;\">Tinga de Res con pimientos y cebolla<\/span><\/span><\/span><\/span><\/h2>\n<p>[\/vc_column_text][vc_empty_space height=\u00bb20px\u00bb][vc_column_text]<\/p>\n<p style=\"text-align: left;\"><span style=\"font-weight: 400;\">Quita la grasa a la carne. Luego p\u00e1rtela en fajitas. Quita los tallos y semillas a los chiles. En una sart\u00e9n pon el aceite a calentar. Vac\u00eda la carne. Menea hasta que empiece a dorar. Agrega los chiles y la cebolla. Deja por unos 6 minutos, hasta que se cocinen.<\/span><\/p>\n<p>[\/vc_column_text][vc_empty_space height=\u00bb10px\u00bb][vc_column_text]<\/p>\n<p style=\"text-align: left;\"><strong>Ingredientes<\/strong><\/p>\n<ol dir=\"auto\">\n<li id=\"ingredient_11152651\" class=\"py-sm border-b last:border-0 border-cookpad-gray-300 border-dashed\" style=\"text-align: left;\">\n<div><bdi class=\"font-semibold\">2 libras<\/bdi>\u00a0bistec de pierna de res<\/div>\n<\/li>\n<li id=\"ingredient_11152701\" class=\"py-sm border-b last:border-0 border-cookpad-gray-300 border-dashed\" style=\"text-align: left;\">\n<div><bdi class=\"font-semibold\">3<\/bdi>\u00a0pimientos (chile campana)<\/div>\n<\/li>\n<li id=\"ingredient_11152702\" class=\"py-sm border-b last:border-0 border-cookpad-gray-300 border-dashed\">\n<div style=\"text-align: left;\"><bdi class=\"font-semibold\">1<\/bdi>\u00a0cebolla grande<\/div>\n<\/li>\n<\/ol>\n<p>[\/vc_column_text][vc_empty_space height=\u00bb30px\u00bb][\/qode_elements_holder_item][\/qode_elements_holder][\/vc_column_inner][vc_column_inner width=\u00bb1\/4&#8243;][qode_elements_holder number_of_columns=\u00bbone_column\u00bb][qode_elements_holder_item horizontal_alignment=\u00bbcenter\u00bb advanced_animations=\u00bbno\u00bb item_padding=\u00bb40px 30px 0px 30px\u00bb][vc_column_text]<\/p>\n<h2 style=\"text-align: center;\"><span style=\"vertical-align: inherit;\"><span style=\"vertical-align: inherit;\">Tostadas de Chorizo con Queso y Aguacate<\/span><\/span><\/h2>\n<p>[\/vc_column_text][vc_empty_space height=\u00bb20px\u00bb][vc_column_text]<\/p>\n<p style=\"text-align: left;\"><span style=\"font-weight: 400;\">Precalienta el asador del horno a temperatura alta, coloca las tostadas en una charola y a\u00f1ade a cada una \u00bd taza de queso Chihuahua Menonita. Coloca la charola en el horno para que se derrita el queso aproximadamente de 3 a 4 minutos o hasta que el queso luzca dorado.<\/span><\/p>\n<p>[\/vc_column_text][vc_empty_space height=\u00bb10px\u00bb][vc_column_text]<\/p>\n<p style=\"text-align: left;\"><strong>Ingredientes<\/strong><\/p>\n<ul>\n<li style=\"text-align: left;\">1 tira de chorizo 250 g<\/li>\n<li style=\"text-align: left;\">2 tazas de queso Chihuahua Menonita<\/li>\n<li style=\"text-align: left;\">8 rebanadas de aguacate<\/li>\n<\/ul>\n<p>[\/vc_column_text][vc_empty_space height=\u00bb30px\u00bb][\/qode_elements_holder_item][\/qode_elements_holder][\/vc_column_inner][vc_column_inner width=\u00bb1\/4&#8243;][vc_single_image image=\u00bb371&#8243; img_size=\u00bbfull\u00bb qode_css_animation=\u00bb\u00bb][\/vc_column_inner][\/vc_row_inner][\/vc_column][\/vc_row][vc_row css_animation=\u00bb\u00bb row_type=\u00bbrow\u00bb use_row_as_full_screen_section=\u00bbno\u00bb type=\u00bbfull_width\u00bb angled_section=\u00bbno\u00bb text_align=\u00bbleft\u00bb background_image_as_pattern=\u00bbwithout_pattern\u00bb z_index=\u00bb\u00bb][vc_column offset=\u00bbvc_hidden-lg vc_hidden-md\u00bb][vc_empty_space height=\u00bb50px\u00bb][vc_row_inner row_type=\u00bbrow\u00bb type=\u00bbfull_width\u00bb text_align=\u00bbleft\u00bb css_animation=\u00bb\u00bb css=\u00bb.vc_custom_1689181364256{padding-bottom: 3% !important;}\u00bb][vc_column_inner][vc_column_text]<\/p>\n<h1 style=\"text-align: center;\">Recetario Antiguo<\/h1>\n<p>[\/vc_column_text][vc_empty_space height=\u00bb50px\u00bb][\/vc_column_inner][\/vc_row_inner][vc_row_inner row_type=\u00bbrow\u00bb type=\u00bbfull_width\u00bb text_align=\u00bbleft\u00bb css_animation=\u00bb\u00bb][vc_column_inner width=\u00bb1\/4&#8243;][vc_single_image image=\u00bb370&#8243; img_size=\u00bbfull\u00bb qode_css_animation=\u00bb\u00bb][\/vc_column_inner][vc_column_inner width=\u00bb1\/4&#8243;][qode_elements_holder background_color=\u00bb#f1e9c3&#8243; number_of_columns=\u00bbone_column\u00bb][qode_elements_holder_item horizontal_alignment=\u00bbcenter\u00bb advanced_animations=\u00bbno\u00bb item_padding=\u00bb60px 50px 0px 50px\u00bb][vc_column_text]<\/p>\n<h2 style=\"text-align: center;\"><span style=\"vertical-align: inherit;\"><span style=\"vertical-align: inherit;\"><span style=\"vertical-align: inherit;\"><span style=\"vertical-align: inherit;\">Tinga de Res con pimientos y cebolla<\/span><\/span><\/span><\/span><\/h2>\n<p>[\/vc_column_text][vc_empty_space height=\u00bb20px\u00bb][vc_column_text]<\/p>\n<p style=\"text-align: left;\"><span style=\"font-weight: 400;\">Quita la grasa a la carne. Luego p\u00e1rtela en fajitas. Quita los tallos y semillas a los chiles. En una sart\u00e9n pon el aceite a calentar. Vac\u00eda la carne. Menea hasta que empiece a dorar. Agrega los chiles y la cebolla. Deja por unos 6 minutos, hasta que se cocinen.<\/span><\/p>\n<p>[\/vc_column_text][vc_empty_space height=\u00bb10px\u00bb][vc_column_text]<\/p>\n<p style=\"text-align: left;\"><strong>Ingredientes<\/strong><\/p>\n<ol dir=\"auto\">\n<li id=\"ingredient_11152651\" class=\"py-sm border-b last:border-0 border-cookpad-gray-300 border-dashed\" style=\"text-align: left;\">\n<div><bdi class=\"font-semibold\">2 libras<\/bdi>\u00a0bistec de pierna de res<\/div>\n<\/li>\n<li id=\"ingredient_11152701\" class=\"py-sm border-b last:border-0 border-cookpad-gray-300 border-dashed\" style=\"text-align: left;\">\n<div><bdi class=\"font-semibold\">3<\/bdi>\u00a0pimientos (chile campana)<\/div>\n<\/li>\n<li id=\"ingredient_11152702\" class=\"py-sm border-b last:border-0 border-cookpad-gray-300 border-dashed\">\n<div style=\"text-align: left;\"><bdi class=\"font-semibold\">1<\/bdi>\u00a0cebolla grande<\/div>\n<\/li>\n<\/ol>\n<p>[\/vc_column_text][vc_empty_space height=\u00bb30px\u00bb][\/qode_elements_holder_item][\/qode_elements_holder][\/vc_column_inner][vc_column_inner width=\u00bb1\/4&#8243;][qode_elements_holder background_color=\u00bb#e4dfbf\u00bb number_of_columns=\u00bbone_column\u00bb][qode_elements_holder_item horizontal_alignment=\u00bbcenter\u00bb advanced_animations=\u00bbno\u00bb item_padding=\u00bb60px 50px 0px 50px\u00bb][vc_column_text]<\/p>\n<h2 style=\"text-align: center;\"><span style=\"vertical-align: inherit;\"><span style=\"vertical-align: inherit;\">Tostadas de Chorizo con Queso y Aguacate<\/span><\/span><\/h2>\n<p>[\/vc_column_text][vc_empty_space height=\u00bb20px\u00bb][vc_column_text]<\/p>\n<p style=\"text-align: left;\"><span style=\"font-weight: 400;\">Precalienta el asador del horno a temperatura alta, coloca las tostadas en una charola y a\u00f1ade a cada una \u00bd taza de queso Chihuahua Menonita. Coloca la charola en el horno para que se derrita el queso aproximadamente de 3 a 4 minutos o hasta que el queso luzca dorado.<\/span><\/p>\n<p>[\/vc_column_text][vc_empty_space height=\u00bb10px\u00bb][vc_column_text]<\/p>\n<p style=\"text-align: left;\"><strong>Ingredientes<\/strong><\/p>\n<ul>\n<li style=\"text-align: left;\">1 tira de chorizo 250 g<\/li>\n<li style=\"text-align: left;\">2 tazas de queso Chihuahua Menonita<\/li>\n<li style=\"text-align: left;\">8 rebanadas de aguacate<\/li>\n<\/ul>\n<p>[\/vc_column_text][vc_empty_space height=\u00bb30px\u00bb][\/qode_elements_holder_item][\/qode_elements_holder][\/vc_column_inner][vc_column_inner width=\u00bb1\/4&#8243;][vc_single_image image=\u00bb371&#8243; img_size=\u00bbfull\u00bb qode_css_animation=\u00bb\u00bb][\/vc_column_inner][\/vc_row_inner][\/vc_column][\/vc_row][vc_row css_animation=\u00bb\u00bb row_type=\u00bbrow\u00bb use_row_as_full_screen_section=\u00bbno\u00bb type=\u00bbfull_width\u00bb angled_section=\u00bbno\u00bb text_align=\u00bbleft\u00bb background_image_as_pattern=\u00bbwithout_pattern\u00bb css=\u00bb.vc_custom_1690928352687{background-color: #d4d2ac !important;}\u00bb z_index=\u00bb\u00bb][vc_column][vc_row_inner row_type=\u00bbrow\u00bb type=\u00bbgrid\u00bb text_align=\u00bbleft\u00bb css_animation=\u00bb\u00bb css=\u00bb.vc_custom_1691000139374{padding-top: 3% !important;padding-bottom: 3% !important;}\u00bb el_id=\u00bbBlogdorado\u00bb][vc_column_inner][vc_empty_space height=\u00bb50px\u00bb][vc_column_text]<\/p>\n<h1 style=\"text-align: center;\">El Blog Dorado<\/h1>\n<p>[\/vc_column_text][vc_empty_space height=\u00bb50px\u00bb][vc_column_text]<\/p>\n<p style=\"text-align: center;\">Aqu\u00ed encontraras recetas t\u00edpicas lugares de M\u00e9xico y un sin fin de informaci\u00f3n de anta\u00f1o que amaras en cada una de sus reportajes y entrevistas.<\/p>\n<p>[\/vc_column_text][\/vc_column_inner][\/vc_row_inner][vc_row_inner row_type=\u00bbrow\u00bb type=\u00bbgrid\u00bb text_align=\u00bbleft\u00bb css_animation=\u00bb\u00bb][vc_column_inner width=\u00bb1\/3&#8243;][vc_empty_space height=\u00bb20px\u00bb][qode_elements_holder number_of_columns=\u00bbone_column\u00bb][qode_elements_holder_item advanced_animations=\u00bbno\u00bb item_padding=\u00bb40px 30px 30px 30px\u00bb background_color=\u00bb#ffffff\u00bb][vc_single_image image=\u00bb383&#8243; img_size=\u00bbfull\u00bb alignment=\u00bbcenter\u00bb qode_css_animation=\u00bb\u00bb][vc_empty_space height=\u00bb20px\u00bb][vc_column_text]<\/p>\n<h2 style=\"text-align: left;\">El Oro Dorado<\/h2>\n<p>[\/vc_column_text][vc_column_text]<\/p>\n<p style=\"text-align: left;\">Lorem ipsum dolor sit amet<\/p>\n<p>[\/vc_column_text]\n\n\t<a href=\"#\" target=\"_self\"  class=\"qode-btn qode-btn-medium qode-btn-solid qode-btn-default-hover\"  >\n\t    <span class=\"qode-btn-text\">Ir a la nota completa<\/span>\t<\/a>\n\n[\/qode_elements_holder_item][\/qode_elements_holder][\/vc_column_inner][vc_column_inner width=\u00bb1\/3&#8243;][vc_empty_space height=\u00bb20px\u00bb][qode_elements_holder number_of_columns=\u00bbone_column\u00bb][qode_elements_holder_item advanced_animations=\u00bbno\u00bb background_color=\u00bb#ffffff\u00bb item_padding=\u00bb40px 30px 40px 30px\u00bb][vc_single_image image=\u00bb385&#8243; img_size=\u00bbfull\u00bb alignment=\u00bbcenter\u00bb qode_css_animation=\u00bb\u00bb][vc_empty_space height=\u00bb20px\u00bb][vc_column_text]<\/p>\n<h2 style=\"text-align: left;\">La Fama Mundial<\/h2>\n<p>[\/vc_column_text][vc_column_text]<\/p>\n<p style=\"text-align: left;\">Lorem ipsum dolor sit amet<\/p>\n<p>[\/vc_column_text]\n\n\t<a href=\"#\" target=\"_self\"  class=\"qode-btn qode-btn-medium qode-btn-solid qode-btn-default-hover\"  >\n\t    <span class=\"qode-btn-text\">Ir a la nota completa<\/span>\t<\/a>\n\n[\/qode_elements_holder_item][\/qode_elements_holder][\/vc_column_inner][vc_column_inner width=\u00bb1\/3&#8243;][vc_empty_space height=\u00bb20px\u00bb][qode_elements_holder number_of_columns=\u00bbone_column\u00bb][qode_elements_holder_item advanced_animations=\u00bbno\u00bb background_color=\u00bb#ffffff\u00bb item_padding=\u00bb40px 30px 40px 30px\u00bb][vc_single_image image=\u00bb386&#8243; img_size=\u00bbfull\u00bb alignment=\u00bbcenter\u00bb qode_css_animation=\u00bb\u00bb][vc_empty_space height=\u00bb20px\u00bb][vc_column_text]<\/p>\n<h2>Directo del Campo<\/h2>\n<p>[\/vc_column_text][vc_column_text]<\/p>\n<p style=\"text-align: left;\">Lorem ipsum dolor sit amet<\/p>\n<p>[\/vc_column_text]\n\n\t<a href=\"#\" target=\"_self\"  class=\"qode-btn qode-btn-medium qode-btn-solid qode-btn-default-hover\"  >\n\t    <span class=\"qode-btn-text\">Ir a la nota completa<\/span>\t<\/a>\n\n[\/qode_elements_holder_item][\/qode_elements_holder][\/vc_column_inner][\/vc_row_inner][vc_empty_space height=\u00bb70px\u00bb][\/vc_column][\/vc_row][vc_row css_animation=\u00bb\u00bb row_type=\u00bbrow\u00bb use_row_as_full_screen_section=\u00bbno\u00bb type=\u00bbfull_width\u00bb angled_section=\u00bbno\u00bb text_align=\u00bbleft\u00bb background_image_as_pattern=\u00bbwithout_pattern\u00bb][vc_column][vc_empty_space height=\u00bb50px\u00bb][vc_row_inner row_type=\u00bbrow\u00bb type=\u00bbgrid\u00bb text_align=\u00bbleft\u00bb css_animation=\u00bb\u00bb css=\u00bb.vc_custom_1689186382913{padding-top: 3% !important;padding-bottom: 3% !important;}\u00bb][vc_column_inner width=\u00bb2\/3&#8243;][vc_single_image image=\u00bb380&#8243; img_size=\u00bbfull\u00bb qode_css_animation=\u00bb\u00bb][\/vc_column_inner][vc_column_inner width=\u00bb1\/3&#8243; css=\u00bb.vc_custom_1689186827097{padding-top: 5% !important;}\u00bb][vc_empty_space height=\u00bb50px\u00bb][vc_column_text]<\/p>\n<h1>Instagram<\/h1>\n<p>[\/vc_column_text][vc_empty_space height=\u00bb50px\u00bb][vc_column_text]Las mejores fotos con los platillos mas ricos que veras d\u00eda a d\u00eda.[\/vc_column_text][vc_empty_space height=\u00bb30px\u00bb]<a  itemprop=\"url\" href=\"\" target=\"_self\"  class=\"qbutton  center default\" style=\"color: #28361a; border-color: #28361a; background-color: #ffffff;\">Visitar el Perfil<\/a>[\/vc_column_inner][\/vc_row_inner][vc_empty_space height=\u00bb50px\u00bb][\/vc_column][\/vc_row]<\/p>\n","protected":false},"excerpt":{"rendered":"<p>[vc_row css_animation=\u00bb\u00bb row_type=\u00bbrow\u00bb use_row_as_full_screen_section=\u00bbno\u00bb type=\u00bbfull_width\u00bb angled_section=\u00bbno\u00bb text_align=\u00bbleft\u00bb background_image_as_pattern=\u00bbwithout_pattern\u00bb][vc_column][vc_row_inner row_type=\u00bbrow\u00bb type=\u00bbgrid\u00bb text_align=\u00bbcenter\u00bb css_animation=\u00bb\u00bb css=\u00bb.vc_custom_1690999596333{padding-top: 3% !important;padding-bottom: 3% !important;}\u00bb][vc_column_inner][vc_empty_space height=\u00bb50px\u00bb][vc_column_text] Bienvenido [\/vc_column_text][vc_empty_space][vc_column_text] Pero detr\u00e1s de cada sabor, se encuentran las personas de anta\u00f1o que han dado vida a estos manjares. Los abuelos con sus manos expertas, llenas&#8230;<\/p>\n","protected":false},"author":1,"featured_media":0,"parent":0,"menu_order":0,"comment_status":"closed","ping_status":"closed","template":"full_width.php","meta":{"footnotes":""},"class_list":["post-5","page","type-page","status-publish","hentry"],"_links":{"self":[{"href":"https:\/\/doradoantiguo.com\/index.php\/wp-json\/wp\/v2\/pages\/5","targetHints":{"allow":["GET"]}}],"collection":[{"href":"https:\/\/doradoantiguo.com\/index.php\/wp-json\/wp\/v2\/pages"}],"about":[{"href":"https:\/\/doradoantiguo.com\/index.php\/wp-json\/wp\/v2\/types\/page"}],"author":[{"embeddable":true,"href":"https:\/\/doradoantiguo.com\/index.php\/wp-json\/wp\/v2\/users\/1"}],"replies":[{"embeddable":true,"href":"https:\/\/doradoantiguo.com\/index.php\/wp-json\/wp\/v2\/comments?post=5"}],"version-history":[{"count":48,"href":"https:\/\/doradoantiguo.com\/index.php\/wp-json\/wp\/v2\/pages\/5\/revisions"}],"predecessor-version":[{"id":400,"href":"https:\/\/doradoantiguo.com\/index.php\/wp-json\/wp\/v2\/pages\/5\/revisions\/400"}],"wp:attachment":[{"href":"https:\/\/doradoantiguo.com\/index.php\/wp-json\/wp\/v2\/media?parent=5"}],"curies":[{"name":"wp","href":"https:\/\/api.w.org\/{rel}","templated":true}]}}